{"id":100,"date":"2017-05-23T10:00:04","date_gmt":"2017-05-23T09:00:04","guid":{"rendered":"https:\/\/www.cepaoarsoaldeahhi.com\/?page_id=100\/"},"modified":"2023-08-29T12:51:48","modified_gmt":"2023-08-29T11:51:48","slug":"gure-eskaintza","status":"publish","type":"page","link":"https:\/\/www.cepaoarsoaldeahhi.com\/es\/oferta\/gure-eskaintza\/","title":{"rendered":"Nuestra oferta"},"content":{"rendered":"<p>Los centros de educaci\u00f3n para personas adultas ofrecen dos tipos de formaci\u00f3n:<\/p>\n<ul>\n<li>Educaci\u00f3n Reglada: el objetivo es obtener el t\u00edtulo de eso en este modelo educativo. Se organiza por cuatrimestres.<\/li>\n<li>Educaci\u00f3n no reglada: cursos libres sin continuidad de un curso a otro. <span class=\"ContentPasted0\"><s class=\"ContentPasted0\"> <\/s>Clases de espa\u00f1ol para extranjeros y capacitaci\u00f3n digital A1 y A2.<\/span><br class=\"ContentPasted0\"><\/li>\n<\/ul>\n","protected":false},"excerpt":{"rendered":"<p>Los centros de educaci\u00f3n para personas adultas ofrecen dos tipos de formaci\u00f3n: Educaci\u00f3n Reglada: el objetivo es obtener el t\u00edtulo de eso en este modelo educativo. Se organiza por cuatrimestres. Educaci\u00f3n no reglada: cursos libres sin continuidad de un curso a otro. Clases de espa\u00f1ol para extranjeros y capacitaci\u00f3n digital A1 y A2.<\/p>\n","protected":false},"author":1,"featured_media":0,"parent":120,"menu_order":1,"comment_status":"closed","ping_status":"closed","template":"orokorra.php","meta":{"ngg_post_thumbnail":0,"footnotes":""},"class_list":["post-100","page","type-page","status-publish","hentry"],"_links":{"self":[{"href":"https:\/\/www.cepaoarsoaldeahhi.com\/es\/wp-json\/wp\/v2\/pages\/100","targetHints":{"allow":["GET"]}}],"collection":[{"href":"https:\/\/www.cepaoarsoaldeahhi.com\/es\/wp-json\/wp\/v2\/pages"}],"about":[{"href":"https:\/\/www.cepaoarsoaldeahhi.com\/es\/wp-json\/wp\/v2\/types\/page"}],"author":[{"embeddable":true,"href":"https:\/\/www.cepaoarsoaldeahhi.com\/es\/wp-json\/wp\/v2\/users\/1"}],"replies":[{"embeddable":true,"href":"https:\/\/www.cepaoarsoaldeahhi.com\/es\/wp-json\/wp\/v2\/comments?post=100"}],"version-history":[{"count":16,"href":"https:\/\/www.cepaoarsoaldeahhi.com\/es\/wp-json\/wp\/v2\/pages\/100\/revisions"}],"predecessor-version":[{"id":1400,"href":"https:\/\/www.cepaoarsoaldeahhi.com\/es\/wp-json\/wp\/v2\/pages\/100\/revisions\/1400"}],"up":[{"embeddable":true,"href":"https:\/\/www.cepaoarsoaldeahhi.com\/es\/wp-json\/wp\/v2\/pages\/120"}],"wp:attachment":[{"href":"https:\/\/www.cepaoarsoaldeahhi.com\/es\/wp-json\/wp\/v2\/media?parent=100"}],"curies":[{"name":"wp","href":"https:\/\/api.w.org\/{rel}","templated":true}]}}