{"id":131,"date":"2017-03-07T13:24:39","date_gmt":"2017-03-07T12:24:39","guid":{"rendered":"https:\/\/www.cepaoarsoaldeahhi.com\/?page_id=131\/"},"modified":"2023-08-29T13:01:06","modified_gmt":"2023-08-29T12:01:06","slug":"ez-arautua","status":"publish","type":"page","link":"https:\/\/www.cepaoarsoaldeahhi.com\/es\/oferta\/ez-arautua\/","title":{"rendered":"No reglada"},"content":{"rendered":"<div class=\"pane\" style=\"display: block;\">\n<div>\n<h2>Grupos para aprender espa\u00f1ol<\/h2>\n<p>&nbsp;Desde nivel inicial para personas reci\u00e9n llegadas al pa\u00eds hasta la incorporaci\u00f3n a los m\u00f3dulos conducentes al T\u00edtulo de Graduado Escolar<\/p>\n<p>&nbsp;<\/p>\n<h2><span class=\"ContentPasted0\">Capacitaci\u00f3n Digital<\/span><\/h2>\n<p><span class=\"ContentPasted0\">Desde un nivel de inform\u00e1tica inicial hasta la obtenci\u00f3n de los certificados europeos de nivel A1 y A2.&nbsp;<\/span><\/p>\n<h5 style=\"text-align: left;\"><span style=\"color: #008080;\"><strong>&nbsp;<\/strong><\/span><\/h5>\n<\/div>\n<\/div>\n","protected":false},"excerpt":{"rendered":"<p>Grupos para aprender espa\u00f1ol &nbsp;Desde nivel inicial para personas reci\u00e9n llegadas al pa\u00eds hasta la incorporaci\u00f3n a los m\u00f3dulos conducentes al T\u00edtulo de Graduado Escolar &nbsp; Capacitaci\u00f3n Digital Desde un nivel de inform\u00e1tica inicial hasta la obtenci\u00f3n de los certificados europeos de nivel A1 y A2.&nbsp; &nbsp;<\/p>\n","protected":false},"author":1,"featured_media":0,"parent":120,"menu_order":2,"comment_status":"closed","ping_status":"closed","template":"orokorra.php","meta":{"ngg_post_thumbnail":0,"footnotes":""},"class_list":["post-131","page","type-page","status-publish","hentry"],"_links":{"self":[{"href":"https:\/\/www.cepaoarsoaldeahhi.com\/es\/wp-json\/wp\/v2\/pages\/131","targetHints":{"allow":["GET"]}}],"collection":[{"href":"https:\/\/www.cepaoarsoaldeahhi.com\/es\/wp-json\/wp\/v2\/pages"}],"about":[{"href":"https:\/\/www.cepaoarsoaldeahhi.com\/es\/wp-json\/wp\/v2\/types\/page"}],"author":[{"embeddable":true,"href":"https:\/\/www.cepaoarsoaldeahhi.com\/es\/wp-json\/wp\/v2\/users\/1"}],"replies":[{"embeddable":true,"href":"https:\/\/www.cepaoarsoaldeahhi.com\/es\/wp-json\/wp\/v2\/comments?post=131"}],"version-history":[{"count":46,"href":"https:\/\/www.cepaoarsoaldeahhi.com\/es\/wp-json\/wp\/v2\/pages\/131\/revisions"}],"predecessor-version":[{"id":1404,"href":"https:\/\/www.cepaoarsoaldeahhi.com\/es\/wp-json\/wp\/v2\/pages\/131\/revisions\/1404"}],"up":[{"embeddable":true,"href":"https:\/\/www.cepaoarsoaldeahhi.com\/es\/wp-json\/wp\/v2\/pages\/120"}],"wp:attachment":[{"href":"https:\/\/www.cepaoarsoaldeahhi.com\/es\/wp-json\/wp\/v2\/media?parent=131"}],"curies":[{"name":"wp","href":"https:\/\/api.w.org\/{rel}","templated":true}]}}