{"id":135,"date":"2017-05-24T11:48:22","date_gmt":"2017-05-24T10:48:22","guid":{"rendered":"https:\/\/www.cepaoarsoaldeahhi.com\/?page_id=135\/"},"modified":"2023-08-29T13:05:31","modified_gmt":"2023-08-29T12:05:31","slug":"matrikulak","status":"publish","type":"page","link":"https:\/\/www.cepaoarsoaldeahhi.com\/es\/matrikulak\/","title":{"rendered":"Matr\u00edcula"},"content":{"rendered":"<h1><strong>Informaci\u00f3n sobre matriculaci\u00f3n<\/strong><\/h1>\n<h2><strong>Condiciones para matricularse<\/strong><\/h2>\n<p>Para poder matricularse en un Centro de Educaci\u00f3n de Personas Adultas, el alumno o alumna debe tener 18 a\u00f1os o m\u00e1s<strong> o<\/strong>, teniendo 17 a\u00f1os, haber cumplido 18 a\u00f1os dentro del a\u00f1o natural en el que se matricula.<\/p>\n<h2><strong>Plazos matr\u00edcula<\/strong><\/h2>\n<p>Es preciso acudir dentro de los plazos correspondientes.<\/p>\n<p>El curso se divide en dos cuatrimestres (septiembre a enero, febrero a junio), y se habilitan dos plazos de matr\u00edcula:<\/p>\n<p>Plazo de matr\u00edcula para los cursos del&nbsp;<strong>primer cuatrimestre<\/strong>: primera quincena de septiembre.&nbsp;<\/p>\n<p>Plazo de matr\u00edcula para el&nbsp;<strong>segundo cuatrimestre<\/strong>: primera semana de febrero.&nbsp;<\/p>\n<p>Horario de 10 a 13 h y de 17 a 19 h, excepto viernes de 10 a 13h&nbsp;<\/p>\n<h2><strong>Documentaci\u00f3n<\/strong><\/h2>\n<p>\u00bfQu\u00e9 documentaci\u00f3n se debe presentar para matricularse?<\/p>\n<ul>\n<li>Deber\u00e1 presentarse DNI, NIE o pasaporte.&nbsp;<\/li>\n<li>Para matricularse en los cursos orientados a obtener el t\u00edtulo de Graduado en ESO, se debe traer:\n<ul>\n<li>El libro de escolaridad y, adem\u00e1s, las fotocopias de ese mismo libro correspondientes a los cursos de la ESO<\/li>\n<li>Cualquier otro documento que acredite materias aprobadas de la ESO o equivalentes <span class=\"ContentPasted0\"> (Graduado Escolar antiguo)&nbsp;<\/span><\/li>\n<\/ul>\n<\/li>\n<\/ul>\n<h2><strong>Matr\u00edcula gratuita <\/strong><\/h2>\n<p>El centro CEPA Oarsoaldea es un centro oficial de formaci\u00f3n b\u00e1sica, perteneciente a la red p\u00fablica de Educaci\u00f3n. Por tanto, los cursos son gratuitos.<\/p>\n<p>&nbsp;<\/p>\n<p>&nbsp;<\/p>\n","protected":false},"excerpt":{"rendered":"<p>Informaci\u00f3n sobre matriculaci\u00f3n Condiciones para matricularse Para poder matricularse en un Centro de Educaci\u00f3n de Personas Adultas, el alumno o alumna debe tener 18 a\u00f1os o m\u00e1s o, teniendo 17 a\u00f1os, haber cumplido 18 a\u00f1os dentro del a\u00f1o natural en el que se matricula. Plazos matr\u00edcula Es preciso acudir dentro de los plazos correspondientes. El [&hellip;]<\/p>\n","protected":false},"author":1,"featured_media":0,"parent":0,"menu_order":3,"comment_status":"closed","ping_status":"closed","template":"orokorra.php","meta":{"ngg_post_thumbnail":0,"footnotes":""},"class_list":["post-135","page","type-page","status-publish","hentry"],"_links":{"self":[{"href":"https:\/\/www.cepaoarsoaldeahhi.com\/es\/wp-json\/wp\/v2\/pages\/135","targetHints":{"allow":["GET"]}}],"collection":[{"href":"https:\/\/www.cepaoarsoaldeahhi.com\/es\/wp-json\/wp\/v2\/pages"}],"about":[{"href":"https:\/\/www.cepaoarsoaldeahhi.com\/es\/wp-json\/wp\/v2\/types\/page"}],"author":[{"embeddable":true,"href":"https:\/\/www.cepaoarsoaldeahhi.com\/es\/wp-json\/wp\/v2\/users\/1"}],"replies":[{"embeddable":true,"href":"https:\/\/www.cepaoarsoaldeahhi.com\/es\/wp-json\/wp\/v2\/comments?post=135"}],"version-history":[{"count":13,"href":"https:\/\/www.cepaoarsoaldeahhi.com\/es\/wp-json\/wp\/v2\/pages\/135\/revisions"}],"predecessor-version":[{"id":1407,"href":"https:\/\/www.cepaoarsoaldeahhi.com\/es\/wp-json\/wp\/v2\/pages\/135\/revisions\/1407"}],"wp:attachment":[{"href":"https:\/\/www.cepaoarsoaldeahhi.com\/es\/wp-json\/wp\/v2\/media?parent=135"}],"curies":[{"name":"wp","href":"https:\/\/api.w.org\/{rel}","templated":true}]}}