{"id":139,"date":"2017-05-24T11:50:32","date_gmt":"2017-05-24T10:50:32","guid":{"rendered":"https:\/\/www.cepaoarsoaldeahhi.com\/?page_id=139\/"},"modified":"2024-01-17T08:57:54","modified_gmt":"2024-01-17T07:57:54","slug":"maizko-galderak","status":"publish","type":"page","link":"https:\/\/www.cepaoarsoaldeahhi.com\/es\/maizko-galderak\/","title":{"rendered":"Preguntas frecuentes"},"content":{"rendered":"<h1>Preguntas frecuentes<\/h1>\n<div id=\"maizko-galderak\">\n<p><a class=\"accordion collapsed\" href=\"#faq3\" data-toggle=\"collapse\" aria-controls=\"collapseOne\"><strong>\u00bfQu\u00e9 significan las siglas EPA, CEPA\u2026? \u00bfQu\u00e9 otros Centros de EPA hay en nuestra comunidad?<\/strong><\/a><\/p>\n<div id=\"faq3\" class=\"collapse\">\n<p>En un principio EPA significaba Educaci\u00f3n Permanente de Adultos (HHI en euskera: Helduen Heziketa Iraunkorra). Hoy d\u00eda, la sigla oficial en castellano es la de CEPA, que significa Centro de Educaci\u00f3n de Personas Adultas. En euskera se mantiene la de HHI. Con estas siglas se denominan los diferentes centros oficiales de nuestra comunidad. En este caso, CEPA Oarsoaldea HHI es la denominaci\u00f3n oficial del Centro de EPA de la comarca. En nuestra comunidad existe una amplia red de centros que imparten educaci\u00f3n orientada a los adultos:&nbsp;<\/p>\n<ul>\n<li>CEPA Oarsoaldea&nbsp;<\/li>\n<li>CEPA Bidasoaldea&nbsp;<\/li>\n<li>CEPA Donostia<\/li>\n<li>CEPA Tolosaldea<\/li>\n<li>CEPA Lasarte&nbsp;<\/li>\n<li>CEPA Hernani&nbsp;<\/li>\n<li>CEPA Urola \u2013 costa&nbsp;<\/li>\n<li>CEPA Goiherri&nbsp;<\/li>\n<li>CEPA Eibar&nbsp;<\/li>\n<li>CEPA Arrasate&nbsp;<\/li>\n<li>CEPA Bergara&nbsp;<\/li>\n<li>IVED (Instituto Vasco de Educaci\u00f3n a Distancia)&nbsp;<\/li>\n<\/ul>\n<\/div>\n<p><a class=\"accordion collapsed\" href=\"#faq4\" data-toggle=\"collapse\" aria-controls=\"collapseOne\"><strong>\u00bfEs gratuita la ense\u00f1anza en los centros de EPA?<\/strong><\/a><\/p>\n<div id=\"faq4\" class=\"collapse\">Son centros oficiales de formaci\u00f3n b\u00e1sica, pertenecientes a la red p\u00fablica de Educaci\u00f3n. Por tanto, los cursos son gratuitos.<\/div>\n<div class=\"collapse\"><a class=\"accordion collapsed\" href=\"#faq5\" data-toggle=\"collapse\" aria-controls=\"collapseOne\"><strong>\u00bfCu\u00e1l es la edad de los alumnos de EPA?<\/strong><\/a><\/div>\n<div id=\"faq5\" class=\"collapse\">A los centros de EPA pueden acudir los alumnos desde los 18 a\u00f1os. Aunque no lleguen a esta edad, aquellas personas que cumplan 18 a\u00f1os dentro del periodo del curso escolar, tambi\u00e9n pueden matricularse.<\/div>\n<p><a class=\"accordion collapsed\" href=\"#faq6\" data-toggle=\"collapse\" aria-controls=\"collapseOne\"><strong>\u00bfSe ense\u00f1a a leer y escribir en los centros de EPA?<\/strong><\/a><\/p>\n<div id=\"faq6\" class=\"collapse\">S\u00ed, por supuesto.<\/div>\n<p><a class=\"accordion collapsed\" href=\"#faq7\" data-toggle=\"collapse\" aria-controls=\"collapseOne\"><strong>\u00bfPuedo sacarme en el Centro EPA el t\u00edtulo de Graduado en ESO?<\/strong><\/a><\/p>\n<div id=\"faq7\" class=\"collapse\">Los centros de EPA est\u00e1n especialmente concebidos para dotar a los adultos de la formaci\u00f3n suficiente que les haga merecedores del t\u00edtulo de Graduado en Ense\u00f1anza Secundaria Obligatoria (ESO). El nuestro, es un Centro Oficial perteneciente a la Consejer\u00eda de Educaci\u00f3n del Gobierno Vasco y, por tanto, est\u00e1 capacitado para expedir esta titulaci\u00f3n oficial.<\/div>\n<p><a class=\"accordion collapsed\" href=\"#faq8\" data-toggle=\"collapse\" aria-controls=\"collapseOne\"><strong>\u00bfCu\u00e1nto tiempo necesito para sacarme el t\u00edtulo de Graduado en ESO?<\/strong><\/a><\/p>\n<div id=\"faq8\" class=\"collapse\">Depende de cada caso. Hay alumnos que empiezan con un buen nivel y en un solo curso aprueban. Otros necesitan empezar en un curso anterior, para reforzar aprendizajes olvidados o poco asentados; en este caso, el proceso para obtener el t\u00edtulo suele llevar dos a\u00f1os. Tambi\u00e9n hay personas que necesitan o prefieren llevar un ritmo m\u00e1s relajado, y dejan algunas asignaturas para prepararlas \u201cm\u00e1s adelante\u201d. Este tipo de alumnos se marca su propio ritmo y, a\u00f1o a a\u00f1o, va aprobando y \u201cquit\u00e1ndose\u201d aquellas materias para las que se va matriculando en cada curso.<\/div>\n<p><a class=\"accordion collapsed\" href=\"#faq9\" data-toggle=\"collapse\" aria-controls=\"collapseOne\"><strong>Si no quiero ning\u00fan t\u00edtulo, \u00bfpuedo matricularme en alg\u00fan curso de Ense\u00f1anza Secundaria?<\/strong><\/a><\/p>\n<div id=\"faq9\" class=\"collapse\">No es viable<\/div>\n<p><a class=\"accordion collapsed\" href=\"#faq10\" data-toggle=\"collapse\" aria-controls=\"collapseOne\"><strong>Una vez matriculado en el centro \u00bfes obligatoria la asistencia a las clases?<\/strong><\/a><\/p>\n<div id=\"faq10\" class=\"collapse\">Los centros de ense\u00f1anza EPA son del tipo \u201cpresencial\u201d, es decir se considera obligatoria la asistencia a las clases. No obstante, teniendo en cuenta que su alumnado es adulto, pueden surgir problemas imprevistos (colegios, ni\u00f1os, m\u00e9dicos&#8230;) que pueden impedir la asistencia o interferir en la puntualidad. Siempre que se justifiquen, y mientras no sean demasiado frecuentes, los d\u00edas que se falte a clase pueden ser compensados mediante la realizaci\u00f3n de los trabajos y actividades pendientes. En la mayor parte de los casos, la evaluaci\u00f3n es \u201ccontinua\u201d lo que significa que se valoran, tanto las pruebas o ex\u00e1menes que se vayan realizando como el trabajo diario de las clases.<\/div>\n<p><a class=\"accordion collapsed\" href=\"#faq11\" data-toggle=\"collapse\" aria-controls=\"collapseOne\"><strong>\u00bfQu\u00e9 ocurre si paso un curso en la EPA y no puedo continuar al siguiente? \u00bfPierdo el curso al que he asistido?<\/strong><\/a><\/p>\n<div id=\"faq11\" class=\"collapse\">Al final de cada cuatrimestre se procede a una evaluaci\u00f3n de cada una de las materias que se han cursado. De todo ello queda constancia oficial en las actas correspondientes. Si la evaluaci\u00f3n es positiva en alguna asignatura y el alumno se ve obligado a interrumpir su asistencia, cuando se reincorpore al cabo de un tiempo tiene derecho a continuar el curso en la situaci\u00f3n que reflejen las actas. Es decir, los m\u00f3dulos cuatrimestrales aprobados ya no es necesario volverlos a cursar.<\/div>\n<p><a class=\"accordion collapsed\" href=\"#faq12\" data-toggle=\"collapse\" aria-controls=\"collapseOne\"><strong>Para conseguir el t\u00edtulo de Graduado en ESO,\u00bfqu\u00e9 otras v\u00edas existen para una persona adulta?<\/strong><\/a><\/p>\n<div id=\"faq12\" class=\"collapse\">\n<p>Un adulto puede obtener el t\u00edtulo de Graduado en ESO por tres caminos diferentes: los centros de EPA, las pruebas libres, y la educaci\u00f3n a distancia. Cada modalidad tiene su propia regulaci\u00f3n, y la titulaci\u00f3n es igualmente v\u00e1lida en cualquiera de ellas.<\/p>\n<ul>\n<li>En un centro de EPA los alumnos asisten a clase diariamente. La evaluaci\u00f3n es \u201ccontinua\u201d, lo que significa que se valoran, tanto las pruebas o ex\u00e1menes que se vayan realizando, como la asistencia activa y el trabajo diario de las clases.<\/li>\n<li>En cambio, en la modalidad de educaci\u00f3n a distancia el alumno no asiste al centro, sino que se prepara por su cuenta con los materiales oficiales que se le proporcionan. Dichos materiales est\u00e1n especialmente concebidos para este tipo de ense\u00f1anza a distancia. De modo optativo, el alumno puede asistir a un centro para recibir de su tutor las orientaciones y ayuda que necesite. Existen unas pruebas o ex\u00e1menes que son las que acreditan los aprobados.<\/li>\n<li>Por otra parte, el adulto puede presentarse por su cuenta a las pruebas libres para la obtenci\u00f3n del t\u00edtulo de Graduado en ESO. Hay dos convocatorias por a\u00f1o: normalmente, una en diciembre y otra en mayo. En cualquiera de estas convocatorias, pueden aprobarse una parte o todas las materias que se exigen para obtener el t\u00edtulo.<\/li>\n<\/ul>\n<\/div>\n<p><a class=\"accordion collapsed\" href=\"#faq13\" data-toggle=\"collapse\" aria-controls=\"collapseOne\"><strong>\u00bfQu\u00e9 diferencia hay entre la ense\u00f1anza en un centro EPA y la modalidad de Educaci\u00f3n a distancia?<\/strong><\/a><\/p>\n<div id=\"faq13\" class=\"collapse\">En un centro de EPA los alumnos asisten a clase diariamente. La evaluaci\u00f3n es \u201ccontinua\u201d, lo que significa que se valoran, tanto las pruebas o ex\u00e1menes que se vayan realizando, como la asistencia activa y el trabajo diario de las clases. En cambio, en la modalidad de educaci\u00f3n a distancia el alumno no asiste al centro, sino que se prepara por su cuenta con los materiales oficiales que se le proporcionan. Dichos materiales est\u00e1n especialmente concebidos para este tipo de ense\u00f1anza a distancia. De modo optativo, el alumno puede asistir a un centro para recibir de su tutor las orientaciones y ayuda que necesite. Existen unas pruebas o ex\u00e1menes que son las que acreditan los aprobados.<\/div>\n<p><a class=\"accordion collapsed\" href=\"#faq14\" data-toggle=\"collapse\" aria-controls=\"collapseOne\"><strong>\u00bfPuedo matricularme en un centro de EPA y presentarme en ese curso escolar a las pruebas libres para conseguir el t\u00edtulo de Graduado en ESO?<\/strong><\/a><\/p>\n<div id=\"faq14\" class=\"collapse\">NO es posible. Tal matriculaci\u00f3n simult\u00e1nea queda expresamente excluida en el decreto-ley que regula las convocatorias de las pruebas libres. Ning\u00fan alumno matriculado en un centro oficial que pueda expedirle el Graduado en ESO, podr\u00e1 presentarse a las pruebas libres para obtener dicha titulaci\u00f3n. <span class=\"ContentPasted0\">Del mismo modo, <b class=\"ContentPasted0\">no es posible matricularse en un centro de Secundaria en septiembre y despu\u00e9s intentar matricularse en un centro de EPA en el segundo cuatrimestre (febrero).<\/div>\n<p><a class=\"accordion collapsed\" href=\"#faq3\" data-toggle=\"collapse\" aria-controls=\"collapseOne\"><strong>\u00bfEn qu\u00e9 me puede favorecer obtener un t\u00edtulo de Graduado en ESO?<\/strong><\/a><\/p>\n<div id=\"faq14\" class=\"collapse\">En la actualidad es la m\u00ednima titulaci\u00f3n exigida para acceder a cualquier trabajo. Permite acceder a Grados Medios de Formaci\u00f3n Profesional. Permite obtener un Certificado de Profesionalidad de nivel 2. El t\u00edtulo convalida los ex\u00e1menes para la prueba de nacionalidad espa\u00f1ola (DELE A2 y CCSE) por lo que se ahorran las tasas para dichos ex\u00e1menes (que son superiores a doscientos euros).<\/div>\n","protected":false},"excerpt":{"rendered":"<p>Preguntas frecuentes \u00bfQu\u00e9 significan las siglas EPA, CEPA\u2026? \u00bfQu\u00e9 otros Centros de EPA hay en nuestra comunidad? En un principio EPA significaba Educaci\u00f3n Permanente de Adultos (HHI en euskera: Helduen Heziketa Iraunkorra). Hoy d\u00eda, la sigla oficial en castellano es la de CEPA, que significa Centro de Educaci\u00f3n de Personas Adultas. En euskera se mantiene [&hellip;]<\/p>\n","protected":false},"author":1,"featured_media":0,"parent":0,"menu_order":4,"comment_status":"closed","ping_status":"closed","template":"orokorra.php","meta":{"ngg_post_thumbnail":0,"footnotes":""},"class_list":["post-139","page","type-page","status-publish","hentry"],"_links":{"self":[{"href":"https:\/\/www.cepaoarsoaldeahhi.com\/es\/wp-json\/wp\/v2\/pages\/139","targetHints":{"allow":["GET"]}}],"collection":[{"href":"https:\/\/www.cepaoarsoaldeahhi.com\/es\/wp-json\/wp\/v2\/pages"}],"about":[{"href":"https:\/\/www.cepaoarsoaldeahhi.com\/es\/wp-json\/wp\/v2\/types\/page"}],"author":[{"embeddable":true,"href":"https:\/\/www.cepaoarsoaldeahhi.com\/es\/wp-json\/wp\/v2\/users\/1"}],"replies":[{"embeddable":true,"href":"https:\/\/www.cepaoarsoaldeahhi.com\/es\/wp-json\/wp\/v2\/comments?post=139"}],"version-history":[{"count":14,"href":"https:\/\/www.cepaoarsoaldeahhi.com\/es\/wp-json\/wp\/v2\/pages\/139\/revisions"}],"predecessor-version":[{"id":1446,"href":"https:\/\/www.cepaoarsoaldeahhi.com\/es\/wp-json\/wp\/v2\/pages\/139\/revisions\/1446"}],"wp:attachment":[{"href":"https:\/\/www.cepaoarsoaldeahhi.com\/es\/wp-json\/wp\/v2\/media?parent=139"}],"curies":[{"name":"wp","href":"https:\/\/api.w.org\/{rel}","templated":true}]}}