{"id":151,"date":"2017-06-06T08:51:12","date_gmt":"2017-06-06T07:51:12","guid":{"rendered":"https:\/\/www.cepaoarsoaldeahhi.com\/?page_id=151\/"},"modified":"2017-06-06T12:48:12","modified_gmt":"2017-06-06T11:48:12","slug":"biblioteca","status":"publish","type":"page","link":"https:\/\/www.cepaoarsoaldeahhi.com\/es\/biblioteca\/","title":{"rendered":"Liburutegia"},"content":{"rendered":"<h1>Biblioteca CEPA Oarsoaldea.<br \/>\nPr\u00e9stamo de eBooks<\/h1>\n<h3><span class=\"Estilo89\">Lista de eBooks comprados por la Biblioteca que puedes pedir prestados<br \/>\n(ordenados por fecha de adquisici\u00f3n) <\/span><\/h3>\n<p><span class=\"Estilo85\"><strong>Previo:<\/strong> Para solicitar un pr\u00e9stamo como alumno del centro debes estar registrado en este servicio. Si todav\u00eda no lo has hecho, entra en el siguiente enlace:<br \/>\n<a href=\"https:\/\/docs.google.com\/a\/egunea.com\/forms\/d\/e\/1FAIpQLSeeV58ZVJ2hBg2P-KgtwZIP-hHPy7QEFdifVwVF2s7KaJbEmQ\/viewform\">Clic aqu\u00ed para darse de alta y registrarse<\/a><\/span><\/p>\n<p><strong>PROCESO de pr\u00e9stamo:<\/strong><\/p>\n<p><strong>1)<\/strong> Consulta abajo la lista de eBooks disponibles<\/p>\n<p><strong>2)<\/strong> Solicita un pr\u00e9stamo:&nbsp; <a href=\"https:\/\/docs.google.com\/a\/egunea.com\/forms\/d\/e\/1FAIpQLSeItguVqWhJQud4afMjBo0pagWXcahw_uj37M81VUnWPwKwPQ\/viewform\">Clic aqu\u00ed para pedir un eBook en pr\u00e9stamo<\/a><span class=\"Estilo85\"><br \/>\n<\/span><br \/>\n<iframe loading=\"lazy\" src=\"https:\/\/docs.google.com\/spreadsheets\/d\/12yjPV_Rvpf8ntcLa2DQRIEQ0CyA3oAnF3VubT2GoP7o\/pubhtml?gid=1294440825&amp;single=true&amp;widget=true&amp;headers=false\" data-mce-fragment=\"1\" width=\"950\" height=\"300\" frameborder=\"0\"><\/iframe><\/p>\n<p><strong><span class=\"Estilo73\">CONDICIONES<\/span> :<\/strong> La biblioteca compra los eBooks y los descarga en una serie de dispositivos (tabletas y lectores de libros electr\u00f3nicos). Se prestan los dispositivos con los eBooks descargados. Plazo pr\u00e9stamo: 25 d\u00edas.<br \/>\nEste servicio intenta fomentar la lectura a la vez que concienciar a los usuarios de la conveniencia de adquirir legalmente libros y servicios culturales para proteger los derechos de sus autores y promotores.<\/p>\n<p>&nbsp;<\/p>\n","protected":false},"excerpt":{"rendered":"<p>Biblioteca CEPA Oarsoaldea. Pr\u00e9stamo de eBooks Lista de eBooks comprados por la Biblioteca que puedes pedir prestados (ordenados por fecha de adquisici\u00f3n) Previo: Para solicitar un pr\u00e9stamo como alumno del centro debes estar registrado en este servicio. Si todav\u00eda no lo has hecho, entra en el siguiente enlace: Clic aqu\u00ed para darse de alta y [&hellip;]<\/p>\n","protected":false},"author":1,"featured_media":0,"parent":0,"menu_order":0,"comment_status":"closed","ping_status":"closed","template":"gehigarriak.php","meta":{"ngg_post_thumbnail":0,"footnotes":""},"class_list":["post-151","page","type-page","status-publish","hentry"],"_links":{"self":[{"href":"https:\/\/www.cepaoarsoaldeahhi.com\/es\/wp-json\/wp\/v2\/pages\/151","targetHints":{"allow":["GET"]}}],"collection":[{"href":"https:\/\/www.cepaoarsoaldeahhi.com\/es\/wp-json\/wp\/v2\/pages"}],"about":[{"href":"https:\/\/www.cepaoarsoaldeahhi.com\/es\/wp-json\/wp\/v2\/types\/page"}],"author":[{"embeddable":true,"href":"https:\/\/www.cepaoarsoaldeahhi.com\/es\/wp-json\/wp\/v2\/users\/1"}],"replies":[{"embeddable":true,"href":"https:\/\/www.cepaoarsoaldeahhi.com\/es\/wp-json\/wp\/v2\/comments?post=151"}],"version-history":[{"count":2,"href":"https:\/\/www.cepaoarsoaldeahhi.com\/es\/wp-json\/wp\/v2\/pages\/151\/revisions"}],"predecessor-version":[{"id":194,"href":"https:\/\/www.cepaoarsoaldeahhi.com\/es\/wp-json\/wp\/v2\/pages\/151\/revisions\/194"}],"wp:attachment":[{"href":"https:\/\/www.cepaoarsoaldeahhi.com\/es\/wp-json\/wp\/v2\/media?parent=151"}],"curies":[{"name":"wp","href":"https:\/\/api.w.org\/{rel}","templated":true}]}}