{"id":884,"date":"2018-09-19T09:01:22","date_gmt":"2018-09-19T08:01:22","guid":{"rendered":"https:\/\/www.cepaoarsoaldeahhi.com\/?page_id=884\/"},"modified":"2018-09-19T09:01:22","modified_gmt":"2018-09-19T08:01:22","slug":"politica-de-cookies","status":"publish","type":"page","link":"https:\/\/www.cepaoarsoaldeahhi.com\/es\/politica-de-cookies\/","title":{"rendered":"Pol\u00edtica de Cookies"},"content":{"rendered":"<p class=\"western\" lang=\"es-ES\" align=\"justify\">&nbsp;<\/p>\n<p class=\"western\" lang=\"es-ES\" align=\"justify\"><span style=\"font-family: Arial,sans-serif;\"><span style=\"font-size: small;\"><b>\u00bfQu\u00e9 es una cookie?<\/b><\/span><\/span><\/p>\n<p class=\"western\" lang=\"es-ES\" align=\"justify\"><span style=\"color: #000000;\"><span style=\"font-family: Arial,sans-serif;\"><span style=\"font-size: small;\">Una cookie es un archivo de texto que un servidor web puede dejar en el disco duro del usuario con el fin de identificarlo cuando \u00e9ste se vuelva a conectar. Las cookies facilitan el uso y la navegaci\u00f3n por una p\u00e1gina web, aportando innumerables ventajas en la prestaci\u00f3n de servicios interactivos. Las cookies se utilizan, entre otras finalidades, para gestionar la sesi\u00f3n del usuario (por ejemplo, reduciendo el n\u00famero de veces que tiene que incluir su contrase\u00f1a) o para adecuar los contenidos de una p\u00e1gina web a sus preferencias (por ejemplo, idioma). Las cookies pueden ser de \u201csesi\u00f3n\u201d, por lo que se borrar\u00e1n una vez el usuario abandone la p\u00e1gina web que las gener\u00f3 o \u201cpersistentes\u201d, que permanecen en su ordenador hasta una fecha determinada. <\/span><\/span><\/span><\/p>\n<p class=\"western\" lang=\"es-ES\" align=\"justify\"><span style=\"font-family: Arial,sans-serif;\"><span style=\"font-size: small;\"><b>\u00bfQu\u00e9 tipo de cookies utiliza este sitio web?<\/b><\/span><\/span><\/p>\n<p class=\"western\" lang=\"es-ES\" align=\"justify\"><span style=\"font-family: Arial,sans-serif;\"><span style=\"font-size: small;\">Este sitio web utiliza diferentes tipos de cookies con diferentes finalidades, que se detallan a continuaci\u00f3n:<\/span><\/span><\/p>\n<p class=\"western\" lang=\"es-ES\" align=\"justify\">\u25a0 <span style=\"font-family: Arial,sans-serif;\"><span style=\"font-size: small;\"><u>Cookies t\u00e9cnicas<\/u><\/span><\/span><span style=\"font-family: Arial,sans-serif;\"><span style=\"font-size: small;\">: permiten al usuario la navegaci\u00f3n a trav\u00e9s de este sitio web y la utilizaci\u00f3n de las diferentes opciones que en \u00e9l existen como, por ejemplo, identificar la sesi\u00f3n, acceder a partes de acceso restringido o compartir contenidos a trav\u00e9s de redes sociales. <\/span><\/span><\/p>\n<p class=\"western\" lang=\"es-ES\" align=\"justify\">\u25a0 <span style=\"font-family: Arial,sans-serif;\"><span style=\"font-size: small;\"><u>Cookies de personalizaci\u00f3n<\/u><\/span><\/span><span style=\"font-family: Arial,sans-serif;\"><span style=\"font-size: small;\">: permiten al usuario acceder al servicio con algunas caracter\u00edsticas de car\u00e1cter general predefinidas en funci\u00f3n de una serie de criterios en el terminal del usuario (por ejemplo serian el idioma, el tipo de navegador a trav\u00e9s del cual accede al servicio, la configuraci\u00f3n regional desde donde accede al servicio, etc.).<\/span><\/span><\/p>\n<p class=\"western\" lang=\"es-ES\" align=\"justify\">\u25a0 <span style=\"font-family: Arial,sans-serif;\"><span style=\"font-size: small;\"><u>Cookies de an\u00e1lisis<\/u><\/span><\/span><span style=\"font-family: Arial,sans-serif;\"><span style=\"font-size: small;\">: permiten el seguimiento y an\u00e1lisis del comportamiento de los usuarios del sitio web. La informaci\u00f3n recogida mediante este tipo de cookies se utiliza en la medici\u00f3n de la actividad del sitio web, con el fin de introducir mejoras en funci\u00f3n del an\u00e1lisis de los datos de uso que hacen los usuarios del servicio. <\/span><\/span><\/p>\n<p class=\"western\" lang=\"es-ES\" align=\"justify\"><span style=\"font-family: Arial,sans-serif;\"><span style=\"font-size: small;\"><b>Cookies de terceros utilizadas en este sitio web<\/b><\/span><\/span><\/p>\n<p class=\"western\" lang=\"es-ES\" align=\"justify\"><span style=\"font-family: Arial,sans-serif;\"><span style=\"font-size: small;\">Este sitio web utiliza cookies de terceros. <\/span><\/span><span style=\"font-family: Arial,sans-serif;\"><span style=\"font-size: small;\">A continuaci\u00f3n se muestra el listado de terceros que hacen uso de las cookies:<\/span><\/span><\/p>\n<table width=\"575\" cellspacing=\"0\" cellpadding=\"7\">\n<colgroup>\n<col width=\"210\">\n<col width=\"335\"> <\/colgroup>\n<tbody>\n<tr>\n<td bgcolor=\"#bfbfbf\" width=\"210\" height=\"8\">\n<p class=\"western\" lang=\"es-ES\"><span style=\"font-family: Arial,sans-serif;\"><span style=\"font-size: small;\">Cookies<\/span><\/span><\/p>\n<\/td>\n<td bgcolor=\"#bfbfbf\" width=\"335\">\n<p class=\"western\" lang=\"es-ES\"><span style=\"font-family: Arial,sans-serif;\"><span style=\"font-size: small;\">Finalidad<\/span><\/span><\/p>\n<\/td>\n<\/tr>\n<tr>\n<td width=\"210\" height=\"28\">\n<p class=\"western\" lang=\"es-ES\"><span style=\"font-family: Arial,sans-serif;\"><span style=\"font-size: small;\">Google Analytics<\/span><\/span><\/p>\n<\/td>\n<td width=\"335\">\n<p class=\"western\" lang=\"es-ES\"><span style=\"font-family: Arial,sans-serif;\"><span style=\"font-size: small;\">An\u00e1lisis estad\u00edstico del uso del sitio web<\/span><\/span><\/p>\n<\/td>\n<\/tr>\n<tr>\n<td width=\"210\" height=\"28\">\n<p class=\"western\" lang=\"en-US\"><span style=\"font-family: Arial,sans-serif;\"><span style=\"font-size: small;\">YouTube, Twitter, Google+<\/span><\/span><\/p>\n<\/td>\n<td width=\"335\">\n<p class=\"western\" lang=\"es-ES\"><span style=\"font-family: Arial,sans-serif;\"><span style=\"font-size: small;\">Compartir contenidos en canales y redes sociales<\/span><\/span><\/p>\n<\/td>\n<\/tr>\n<tr>\n<td width=\"210\" height=\"27\">\n<p class=\"western\" lang=\"en-US\"><span style=\"font-family: Arial,sans-serif;\"><span style=\"font-size: small;\">Google Drive, Picasa<\/span><\/span><\/p>\n<\/td>\n<td width=\"335\">\n<p class=\"western\" lang=\"es-ES\"><span style=\"font-family: Arial,sans-serif;\"><span style=\"font-size: small;\">Gesti\u00f3n de contenidos<\/span><\/span><\/p>\n<\/td>\n<\/tr>\n<\/tbody>\n<\/table>\n<p class=\"western\" lang=\"es-ES\" align=\"justify\"><span style=\"font-family: Arial,sans-serif;\"><span style=\"font-size: small;\"><b>\u00bfC\u00f3mo se pueden desactivar o eliminar las cookies?<\/b><\/span><\/span><\/p>\n<p class=\"western\" lang=\"es-ES\" align=\"justify\"><span style=\"color: #000000;\"><span style=\"font-family: Arial,sans-serif;\"><span style=\"font-size: small;\">El usuario, si lo desea, pueda desactivar y\/o eliminar las cookies. Como informaci\u00f3n adicional al usuario, aportamos d\u00f3nde puede encontrar la configuraci\u00f3n para el tratamiento de cookies en los principales navegadores:<\/span><\/span><\/span><\/p>\n<p class=\"western\" lang=\"es-ES\" align=\"justify\"><span style=\"font-family: Arial,sans-serif;\"><span style=\"font-size: small;\">Internet Explorer: Herramientas. Opciones de Internet. Privacidad. Avanzada. <\/span><\/span><\/p>\n<p class=\"western\" lang=\"es-ES\" align=\"justify\"><span style=\"font-family: Arial,sans-serif;\"><span style=\"font-size: small;\">Firefox: Preferencias. Privacidad. <\/span><\/span><\/p>\n<p class=\"western\" lang=\"es-ES\" align=\"justify\"><span style=\"font-family: Arial,sans-serif;\"><span style=\"font-size: small;\">Google Chrome: Configuraci\u00f3n. Opciones Avanzadas. Privacidad. Cookies. <\/span><\/span><\/p>\n<p class=\"western\" lang=\"es-ES\" align=\"justify\"><span style=\"font-family: Arial,sans-serif;\"><span style=\"font-size: small;\">Safari: Preferencias. Privacidad. <\/span><\/span><\/p>\n","protected":false},"excerpt":{"rendered":"<p>&nbsp; \u00bfQu\u00e9 es una cookie? Una cookie es un archivo de texto que un servidor web puede dejar en el disco duro del usuario con el fin de identificarlo cuando \u00e9ste se vuelva a conectar. Las cookies facilitan el uso y la navegaci\u00f3n por una p\u00e1gina web, aportando innumerables ventajas en la prestaci\u00f3n de servicios [&hellip;]<\/p>\n","protected":false},"author":1,"featured_media":0,"parent":0,"menu_order":0,"comment_status":"closed","ping_status":"closed","template":"gehigarriak.php","meta":{"ngg_post_thumbnail":0,"footnotes":""},"class_list":["post-884","page","type-page","status-publish","hentry"],"_links":{"self":[{"href":"https:\/\/www.cepaoarsoaldeahhi.com\/es\/wp-json\/wp\/v2\/pages\/884","targetHints":{"allow":["GET"]}}],"collection":[{"href":"https:\/\/www.cepaoarsoaldeahhi.com\/es\/wp-json\/wp\/v2\/pages"}],"about":[{"href":"https:\/\/www.cepaoarsoaldeahhi.com\/es\/wp-json\/wp\/v2\/types\/page"}],"author":[{"embeddable":true,"href":"https:\/\/www.cepaoarsoaldeahhi.com\/es\/wp-json\/wp\/v2\/users\/1"}],"replies":[{"embeddable":true,"href":"https:\/\/www.cepaoarsoaldeahhi.com\/es\/wp-json\/wp\/v2\/comments?post=884"}],"version-history":[{"count":2,"href":"https:\/\/www.cepaoarsoaldeahhi.com\/es\/wp-json\/wp\/v2\/pages\/884\/revisions"}],"predecessor-version":[{"id":886,"href":"https:\/\/www.cepaoarsoaldeahhi.com\/es\/wp-json\/wp\/v2\/pages\/884\/revisions\/886"}],"wp:attachment":[{"href":"https:\/\/www.cepaoarsoaldeahhi.com\/es\/wp-json\/wp\/v2\/media?parent=884"}],"curies":[{"name":"wp","href":"https:\/\/api.w.org\/{rel}","templated":true}]}}